{"id":9,"date":"2024-03-10T19:42:44","date_gmt":"2024-03-10T19:42:44","guid":{"rendered":"https:\/\/hindoloji.com\/?page_id=9"},"modified":"2024-03-18T02:35:23","modified_gmt":"2024-03-17T23:35:23","slug":"ana-sayfa","status":"publish","type":"page","link":"https:\/\/hindoloji.com\/","title":{"rendered":"Hindoloji Nedir?"},"content":{"rendered":"\n<p align=\"justify\">Hindoloji, Hint Yar\u0131madas\u0131n\u0131 b\u00f6lgesel ve disiplinleraras\u0131 dinamiklerle inceleyen akademik \u00e7al\u0131\u015fma alan\u0131d\u0131r. Bu b\u00f6lgede konu\u015fulan dillerin yan\u0131 s\u0131ra k\u00fclt\u00fcr, tarih, edebiyat, felsefe ve dinler Hindoloji\u2019nin inceleme alan\u0131na girer. G\u00fcn\u00fcm\u00fczde siyasi s\u0131n\u0131rlar\u0131n ay\u0131rd\u0131\u011f\u0131 Pakistan, Banglade\u015f, \u015eri Lanka, Nepal, Bhutan ve Maldiv Adalar\u0131 hep ayn\u0131 k\u00fclt\u00fcrden beslenmi\u015ftir. Bu nedenle Hindoloji\u2019yi, d\u00fcnya genelinde yayg\u0131n olarak kullan\u0131ld\u0131\u011f\u0131 bi\u00e7imiyle G\u00fcney Asya \u00c7al\u0131\u015fmalar\u0131 olarak da isimlendirmek m\u00fcmk\u00fcnd\u00fcr.<\/p>\n<p align=\"justify\">Hindoloji alan\u0131nda akademik \u00e7al\u0131\u015fmalar\u0131n ortaya \u00e7\u0131k\u0131\u015f\u0131 on sekizinci y\u00fczy\u0131l\u0131n sonlar\u0131 ve on dokuzuncu y\u00fczy\u0131l\u0131n ba\u015flar\u0131na dayanmaktad\u0131r. Bu d\u00f6nemlerde Avrupa \u00fclkeleri ve \u0130ngiltere\u2019nin Hindistan\u2019a olan ekonomik ilgisi ve s\u00f6m\u00fcr\u00fc faaliyetleri, akademik \u00e7al\u0131\u015fmalar\u0131n da ivme kazanmas\u0131na yol a\u00e7m\u0131\u015ft\u0131r. Erken d\u00f6nem \u00e7al\u0131\u015fmalarda Alman akademisyenlerin, bir ekol olarak alanda bask\u0131n rolleri g\u00f6r\u00fclm\u00fc\u015ft\u00fcr. Nitekim \u00fclkemizde de akademik birim olarak Hindoloji, Alman Hindolog Walter Ruben taraf\u0131ndan 1936 y\u0131l\u0131nda Dil ve Tarih-Co\u011frafya Fak\u00fcltesi\u2019nde kurulmu\u015ftur.<\/p>\n<p align=\"justify\">G\u00fcn\u00fcm\u00fczde Hindoloji alan\u0131ndaki akademik \u00e7al\u0131\u015fmalar\u0131 Klasik ve Modern olarak ikiye ay\u0131rmak m\u00fcmk\u00fcnd\u00fcr. Klasik Hindoloji, Sanskrit edebiyat\u0131, inan\u00e7 sistemleri gibi Antik Hint k\u00fclt\u00fcr\u00fcne dayanan filoloji temelli bir \u00e7al\u0131\u015fma alan\u0131 benimsemektedir. Modern Hindoloji ise g\u00fcncel tart\u0131\u015fmalar\u0131 da i\u00e7ine alan, \u00e7ok disiplinli ve disiplinleraras\u0131 y\u00f6ntemle G\u00fcnay Asya\u2019ya odaklanmaktad\u0131r.<\/p>\n<p align=\"justify\">Bu site, akademisyen ve g\u00f6n\u00fcll\u00fclerden olu\u015fan bir grup taraf\u0131ndan kurulmu\u015f olup Klasik Hindoloji \u00e7al\u0131\u015fmalar\u0131 \u00e7er\u00e7evesinde akademik bilgi ve i\u00e7erik sunmay\u0131, alana ilgi duyanlar\u0131n etkile\u015fim kurabilece\u011fi bir ortam olu\u015fturmay\u0131 ama\u00e7lamaktad\u0131r. <\/p>\n","protected":false},"excerpt":{"rendered":"<p>Hindoloji, Hint Yar\u0131madas\u0131n\u0131 b\u00f6lgesel ve disiplinleraras\u0131 dinamiklerle inceleyen akademik \u00e7al\u0131\u015fma alan\u0131d\u0131r. Bu b\u00f6lgede konu\u015fulan dillerin yan\u0131 s\u0131ra k\u00fclt\u00fcr, tarih, edebiyat, felsefe ve dinler Hindoloji\u2019nin inceleme alan\u0131na girer. G\u00fcn\u00fcm\u00fczde siyasi s\u0131n\u0131rlar\u0131n ay\u0131rd\u0131\u011f\u0131 Pakistan, Banglade\u015f, \u015eri Lanka, Nepal, Bhutan ve Maldiv Adalar\u0131 hep ayn\u0131 k\u00fclt\u00fcrden beslenmi\u015ftir. Bu nedenle Hindoloji\u2019yi, d\u00fcnya genelinde yayg\u0131n olarak kullan\u0131ld\u0131\u011f\u0131 bi\u00e7imiyle G\u00fcney Asya &hellip; <\/p>\n<p class=\"link-more\"><a href=\"https:\/\/hindoloji.com\/\" class=\"more-link\">Okumaya devam et<span class=\"screen-reader-text\"> &#8220;Hindoloji Nedir?&#8221;<\/span><\/a><\/p>\n","protected":false},"author":1,"featured_media":0,"parent":0,"menu_order":0,"comment_status":"closed","ping_status":"closed","template":"","meta":{"footnotes":""},"class_list":["post-9","page","type-page","status-publish","hentry"],"_links":{"self":[{"href":"https:\/\/hindoloji.com\/index.php\/wp-json\/wp\/v2\/pages\/9","targetHints":{"allow":["GET"]}}],"collection":[{"href":"https:\/\/hindoloji.com\/index.php\/wp-json\/wp\/v2\/pages"}],"about":[{"href":"https:\/\/hindoloji.com\/index.php\/wp-json\/wp\/v2\/types\/page"}],"author":[{"embeddable":true,"href":"https:\/\/hindoloji.com\/index.php\/wp-json\/wp\/v2\/users\/1"}],"replies":[{"embeddable":true,"href":"https:\/\/hindoloji.com\/index.php\/wp-json\/wp\/v2\/comments?post=9"}],"version-history":[{"count":12,"href":"https:\/\/hindoloji.com\/index.php\/wp-json\/wp\/v2\/pages\/9\/revisions"}],"predecessor-version":[{"id":104,"href":"https:\/\/hindoloji.com\/index.php\/wp-json\/wp\/v2\/pages\/9\/revisions\/104"}],"wp:attachment":[{"href":"https:\/\/hindoloji.com\/index.php\/wp-json\/wp\/v2\/media?parent=9"}],"curies":[{"name":"wp","href":"https:\/\/api.w.org\/{rel}","templated":true}]}}